













{"id":397,"date":"2016-04-28T08:37:10","date_gmt":"2016-04-28T06:37:10","guid":{"rendered":"https:\/\/www.imex-group.at\/kontakt\/impressum\/"},"modified":"2017-02-03T10:26:53","modified_gmt":"2017-02-03T09:26:53","slug":"impressum","status":"publish","type":"page","link":"https:\/\/www.imex-group.at\/tr\/impressum\/","title":{"rendered":"K\u00fcnye"},"content":{"rendered":"<div id=\"metaslider-id-63\" style=\"width: 100%;\" class=\"ml-slider-3-108-0 ml-slider-pro-2-56-0 metaslider metaslider-flex metaslider-63 ml-slider ms-theme-default nav-hidden\" role=\"region\" aria-label=\"Neue Diashow\" data-height=\"500\" data-width=\"2400\">\n    <div id=\"metaslider_container_63\">\n        <div id=\"metaslider_63\" class=\"flexslider\">\n            <ul class='slides'>\n                <li style=\"display: block; width: 100%;\" class=\"slide-315 ms-image \" aria-roledescription=\"slide\" data-date=\"2016-12-16 05:21:29\" data-filename=\"iStock-119386140.jpg\" data-slide-type=\"image\"><img loading=\"lazy\" decoding=\"async\" src=\"https:\/\/www.imex-group.at\/wp\/wp-content\/uploads\/iStock-119386140.jpg\" height=\"500\" width=\"2400\" alt=\"\" class=\"slider-63 slide-315 msDefaultImage\" \/><\/li>\n                <li style=\"display: none; width: 100%;\" class=\"slide-257 ms-image \" aria-roledescription=\"slide\" data-date=\"2016-10-18 09:25:04\" data-filename=\"iStock_10092536_LARGE.jpg\" data-slide-type=\"image\"><img loading=\"lazy\" decoding=\"async\" src=\"https:\/\/www.imex-group.at\/wp\/wp-content\/uploads\/iStock_10092536_LARGE.jpg\" height=\"500\" width=\"2400\" alt=\"\" class=\"slider-63 slide-257 msDefaultImage\" \/><\/li>\n                <li style=\"display: none; width: 100%;\" class=\"slide-262 ms-image \" aria-roledescription=\"slide\" data-date=\"2016-10-18 09:25:16\" data-filename=\"iStock_87280105_LARGE-1.jpg\" data-slide-type=\"image\"><img loading=\"lazy\" decoding=\"async\" src=\"https:\/\/www.imex-group.at\/wp\/wp-content\/uploads\/iStock_87280105_LARGE-1.jpg\" height=\"500\" width=\"2400\" alt=\"\" class=\"slider-63 slide-262 msDefaultImage\" \/><\/li>\n                <li style=\"display: none; width: 100%;\" class=\"slide-264 ms-image \" aria-roledescription=\"slide\" data-date=\"2016-10-18 09:27:47\" data-filename=\"iStock_93582271_LARGE.jpg\" data-slide-type=\"image\"><img loading=\"lazy\" decoding=\"async\" src=\"https:\/\/www.imex-group.at\/wp\/wp-content\/uploads\/iStock_93582271_LARGE.jpg\" height=\"500\" width=\"2400\" alt=\"\" class=\"slider-63 slide-264 msDefaultImage\" \/><\/li>\n                <li style=\"display: none; width: 100%;\" class=\"slide-314 ms-image \" aria-roledescription=\"slide\" data-date=\"2016-12-16 05:19:08\" data-filename=\"IMEX-9-von-40.jpg\" data-slide-type=\"image\"><img loading=\"lazy\" decoding=\"async\" src=\"https:\/\/www.imex-group.at\/wp\/wp-content\/uploads\/IMEX-9-von-40.jpg\" height=\"500\" width=\"2400\" alt=\"\" class=\"slider-63 slide-314 msDefaultImage\" \/><\/li>\n                <li style=\"display: none; width: 100%;\" class=\"slide-265 ms-image \" aria-roledescription=\"slide\" data-date=\"2016-10-18 09:30:41\" data-filename=\"iStock_42884728_XLARGE-1.jpg\" data-slide-type=\"image\"><img loading=\"lazy\" decoding=\"async\" src=\"https:\/\/www.imex-group.at\/wp\/wp-content\/uploads\/iStock_42884728_XLARGE-1.jpg\" height=\"500\" width=\"2400\" alt=\"\" class=\"slider-63 slide-265 msDefaultImage\" \/><\/li>\n                <li style=\"display: none; width: 100%;\" class=\"slide-261 ms-image \" aria-roledescription=\"slide\" data-date=\"2016-10-18 09:25:13\" data-filename=\"iStock_84373253_LARGE-1.jpg\" data-slide-type=\"image\"><img loading=\"lazy\" decoding=\"async\" src=\"https:\/\/www.imex-group.at\/wp\/wp-content\/uploads\/iStock_84373253_LARGE-1.jpg\" height=\"500\" width=\"2400\" alt=\"\" class=\"slider-63 slide-261 msDefaultImage\" \/><\/li>\n            <\/ul>\n        <\/div>\n        \n    <\/div>\n<\/div>\n<div class='conblock con-grey clearfix'><div class='conblock-inner'>\n<h1>K\u00fcnye<\/h1>\n<div class='cols2 cols gap clearfix'>\n<div class='col colspan '>\n<h2>ImEx Customs Service GmbH<\/h2>\n<p>Autobahngrenze 15<br \/>\n A-4975 Suben<br \/>\n <span class=\"locality\">Telefon:\u00a0+43 7711 31630<br \/>\n Fax: +43 7711 31630 &#8211; 1<br \/>\n E-Mail:\u00a0<a href=\"mailto:inf%6F%40imex-group.at\">&#x69;&#x6e;&#x66;&#x6f;&#x40;<span class=\"oe_displaynone\">null<\/span>&#x69;&#x6d;&#x65;&#x78;&#x2d;&#x67;&#x72;&#x6f;&#x75;&#x70;&#x2e;&#x61;&#x74;<\/a><\/span><\/p>\n<h3>Abfertigungszeiten<\/h3>\n<table>\n<tbody>\n<tr>\n<td>Montag<\/td>\n<td>06.00 Uhr &#8211; 22.00 Uhr<\/td>\n<\/tr>\n<tr>\n<td>Dienstag<\/td>\n<td>06.00 Uhr &#8211; 22.00 Uhr<\/td>\n<\/tr>\n<tr>\n<td>Mittwoch<\/td>\n<td>06.00 Uhr &#8211; 22.00 Uhr<\/td>\n<\/tr>\n<tr>\n<td>Donnerstag \u00a0 \u00a0 \u00a0<\/td>\n<td>06.00 Uhr &#8211; 22.00 Uhr<\/td>\n<\/tr>\n<tr>\n<td>Freitag<\/td>\n<td>06.00 Uhr &#8211; 22.00 Uhr<\/td>\n<\/tr>\n<tr>\n<td>Samstag<\/td>\n<td>06.00 Uhr &#8211; 14.00 Uhr<\/td>\n<\/tr>\n<\/tbody>\n<\/table>\n<h3>Firmeninformationen<\/h3>\n<p>Gesch\u00e4ftsf\u00fchrung:\u00a0Vakkas Coban<br \/>\n Firmenbuchnummer: FN 410356s<br \/>\n UID-Nr.:\u00a0ATU68490714<br \/>\n GLN (der \u00f6ffentlichen Verwaltung):\u00a09110019985609<br \/>\n T\u00e4tigkeitsbeschreibung: Spedition-Zollagentur<br \/>\n Gerichtsstand: Landesgericht\u00a0Ried im Innkreis<br \/>\n Beh\u00f6rde gem. ECG: Bezirkshauptmannschaft\u00a0Sch\u00e4rding<\/p>\n<p><a href=\"https:\/\/firmen.wko.at\/Web\/DetailsInfos.aspx?FirmaID=020b251f-ee6a-497d-9a90-630db7c8bc8f&amp;StandortID=1110&amp;StandortName=suben&amp;Suchbegriff=imex+customs+service+gmbh&amp;Page=1\" target=\"_blank\"><img loading=\"lazy\" decoding=\"async\" class=\"alignnone wp-image-12 size-full\" src=\"http:\/\/www.jennis.at\/wp\/wp-content\/uploads\/WKO.gif\" alt=\"WKO\" width=\"169\" height=\"23\" \/><\/a><\/p>\n<h3>Gestaltung der Website<\/h3>\n<p><a href=\"http:\/\/www.rundrweb.com\" target=\"_blank\">R&amp;R Web GmbH<\/a>, Homepages mit Funktion<\/p>\n<p class=\"br\">&nbsp;<\/p>\n<\/div>\n<div class='col colspan last'>\n<h3>Alle Rechte vorbehalten<\/h3>\n<p>Die auf der dieser Website bereitgestellten Texte, Bilder, Grafiken, Logos, usw. d\u00fcrfen nicht ver\u00e4ndert oder f\u00fcr Handelszwecke kopiert werden. Wir behalten uns auch vor, die Informationen dieser Website jederzeit ohne vorherige Ank\u00fcndigung zu aktualisieren oder zu \u00e4ndern.<\/p>\n<p>Bildquelle:\u00a0ImEx Customs Service GmbH,\u00a0www.istockphoto.com<\/p>\n<h3>Haftungshinweis<\/h3>\n<p>Trotz sorgf\u00e4ltiger inhaltlicher Kontrolle \u00fcbernehmen wir keine Haftung f\u00fcr die Inhalte externer Links. F\u00fcr den Inhalt der verlinkten Seiten sind ausschlie\u00dflich deren Betreiber verantwortlich.<\/p>\n<p>Das Unternehmen\u00a0ImEx Customs Service GmbH lehnt jegliche Haftung f\u00fcr unmittelbare, konkrete oder Folgesch\u00e4den sowie sonstige Sch\u00e4den jeglicher Art, die aus welchem Grund auch immer im Zusammenhang mit dem indirekten oder direkten Gebrauch der auf der Website bereitgestellten Informationen entstanden sind, ab.<\/p>\n<h3>Keine Garantie<\/h3>\n<p>Die Website wurde mit gr\u00f6\u00dfter Sorgfalt zusammengestellt, aber das Unternehmen ImEx Customs Service GmbH kann f\u00fcr Fehlerfreiheit, Aktualit\u00e4t und Vollst\u00e4ndigkeit nicht garantieren.<\/p>\n<h3>E-Mails<\/h3>\n<p>Im Einklang mit dem E-Commerce-Gesetz (ECG) machen wir darauf aufmerksam, dass an uns gesendete E-Mails nur zu den \u00fcblichen Gesch\u00e4fts\u00f6ffnungszeiten abgerufen und dann gegebenenfalls beantwortet werden.<\/p>\n<\/div>\n<\/div>\n<\/div> <\/div>","protected":false},"excerpt":{"rendered":"","protected":false},"author":3,"featured_media":0,"parent":0,"menu_order":30,"comment_status":"closed","ping_status":"closed","template":"","meta":{"footnotes":""},"class_list":["post-397","page","type-page","status-publish","hentry"],"_links":{"self":[{"href":"https:\/\/www.imex-group.at\/tr\/wp-json\/wp\/v2\/pages\/397","targetHints":{"allow":["GET"]}}],"collection":[{"href":"https:\/\/www.imex-group.at\/tr\/wp-json\/wp\/v2\/pages"}],"about":[{"href":"https:\/\/www.imex-group.at\/tr\/wp-json\/wp\/v2\/types\/page"}],"author":[{"embeddable":true,"href":"https:\/\/www.imex-group.at\/tr\/wp-json\/wp\/v2\/users\/3"}],"replies":[{"embeddable":true,"href":"https:\/\/www.imex-group.at\/tr\/wp-json\/wp\/v2\/comments?post=397"}],"version-history":[{"count":2,"href":"https:\/\/www.imex-group.at\/tr\/wp-json\/wp\/v2\/pages\/397\/revisions"}],"predecessor-version":[{"id":478,"href":"https:\/\/www.imex-group.at\/tr\/wp-json\/wp\/v2\/pages\/397\/revisions\/478"}],"wp:attachment":[{"href":"https:\/\/www.imex-group.at\/tr\/wp-json\/wp\/v2\/media?parent=397"}],"curies":[{"name":"wp","href":"https:\/\/api.w.org\/{rel}","templated":true}]}}