













{"id":395,"date":"2016-04-27T17:19:00","date_gmt":"2016-04-27T15:19:00","guid":{"rendered":"https:\/\/www.imex-group.at\/kontakt\/"},"modified":"2022-08-31T17:47:01","modified_gmt":"2022-08-31T15:47:01","slug":"kontakt-2","status":"publish","type":"page","link":"https:\/\/www.imex-group.at\/tr\/kontakt-2\/","title":{"rendered":"\u0130leti\u015fim"},"content":{"rendered":"<div id=\"metaslider-id-63\" style=\"width: 100%;\" class=\"ml-slider-3-108-0 ml-slider-pro-2-56-0 metaslider metaslider-flex metaslider-63 ml-slider ms-theme-default nav-hidden\" role=\"region\" aria-label=\"Neue Diashow\" data-height=\"500\" data-width=\"2400\">\n    <div id=\"metaslider_container_63\">\n        <div id=\"metaslider_63\" class=\"flexslider\">\n            <ul class='slides'>\n                <li style=\"display: block; width: 100%;\" class=\"slide-314 ms-image \" aria-roledescription=\"slide\" data-date=\"2016-12-16 05:19:08\" data-filename=\"IMEX-9-von-40.jpg\" data-slide-type=\"image\"><img loading=\"lazy\" decoding=\"async\" src=\"https:\/\/www.imex-group.at\/wp\/wp-content\/uploads\/IMEX-9-von-40.jpg\" height=\"500\" width=\"2400\" alt=\"\" class=\"slider-63 slide-314 msDefaultImage\" \/><\/li>\n                <li style=\"display: none; width: 100%;\" class=\"slide-315 ms-image \" aria-roledescription=\"slide\" data-date=\"2016-12-16 05:21:29\" data-filename=\"iStock-119386140.jpg\" data-slide-type=\"image\"><img loading=\"lazy\" decoding=\"async\" src=\"https:\/\/www.imex-group.at\/wp\/wp-content\/uploads\/iStock-119386140.jpg\" height=\"500\" width=\"2400\" alt=\"\" class=\"slider-63 slide-315 msDefaultImage\" \/><\/li>\n                <li style=\"display: none; width: 100%;\" class=\"slide-262 ms-image \" aria-roledescription=\"slide\" data-date=\"2016-10-18 09:25:16\" data-filename=\"iStock_87280105_LARGE-1.jpg\" data-slide-type=\"image\"><img loading=\"lazy\" decoding=\"async\" src=\"https:\/\/www.imex-group.at\/wp\/wp-content\/uploads\/iStock_87280105_LARGE-1.jpg\" height=\"500\" width=\"2400\" alt=\"\" class=\"slider-63 slide-262 msDefaultImage\" \/><\/li>\n                <li style=\"display: none; width: 100%;\" class=\"slide-261 ms-image \" aria-roledescription=\"slide\" data-date=\"2016-10-18 09:25:13\" data-filename=\"iStock_84373253_LARGE-1.jpg\" data-slide-type=\"image\"><img loading=\"lazy\" decoding=\"async\" src=\"https:\/\/www.imex-group.at\/wp\/wp-content\/uploads\/iStock_84373253_LARGE-1.jpg\" height=\"500\" width=\"2400\" alt=\"\" class=\"slider-63 slide-261 msDefaultImage\" \/><\/li>\n                <li style=\"display: none; width: 100%;\" class=\"slide-265 ms-image \" aria-roledescription=\"slide\" data-date=\"2016-10-18 09:30:41\" data-filename=\"iStock_42884728_XLARGE-1.jpg\" data-slide-type=\"image\"><img loading=\"lazy\" decoding=\"async\" src=\"https:\/\/www.imex-group.at\/wp\/wp-content\/uploads\/iStock_42884728_XLARGE-1.jpg\" height=\"500\" width=\"2400\" alt=\"\" class=\"slider-63 slide-265 msDefaultImage\" \/><\/li>\n                <li style=\"display: none; width: 100%;\" class=\"slide-257 ms-image \" aria-roledescription=\"slide\" data-date=\"2016-10-18 09:25:04\" data-filename=\"iStock_10092536_LARGE.jpg\" data-slide-type=\"image\"><img loading=\"lazy\" decoding=\"async\" src=\"https:\/\/www.imex-group.at\/wp\/wp-content\/uploads\/iStock_10092536_LARGE.jpg\" height=\"500\" width=\"2400\" alt=\"\" class=\"slider-63 slide-257 msDefaultImage\" \/><\/li>\n                <li style=\"display: none; width: 100%;\" class=\"slide-264 ms-image \" aria-roledescription=\"slide\" data-date=\"2016-10-18 09:27:47\" data-filename=\"iStock_93582271_LARGE.jpg\" data-slide-type=\"image\"><img loading=\"lazy\" decoding=\"async\" src=\"https:\/\/www.imex-group.at\/wp\/wp-content\/uploads\/iStock_93582271_LARGE.jpg\" height=\"500\" width=\"2400\" alt=\"\" class=\"slider-63 slide-264 msDefaultImage\" \/><\/li>\n            <\/ul>\n        <\/div>\n        \n    <\/div>\n<\/div>\n<div class='conblock con-grey clearfix'><div class='conblock-inner'>\n<h1>\u0130leti\u015fim<\/h1>\n<div class='cols2 cols gap clearfix'>\n<div class='col colspan '>\n<h2>ImEx Customs Service GmbH<\/h2>\n<p>Autobahngrenze 15<br \/>\nA-4975 Suben<br \/>\n<span class=\"locality\">Telefon:&nbsp;+43 7711 31630<br \/>\nFax: +43 7711 31630 \u2013 1<br \/>\nE-Mail:&nbsp;<a href=\"mailto:inf%6F%40imex-group.at\">&#x69;&#x6e;&#x66;&#x6f;&#x40;<span class=\"oe_displaynone\">null<\/span>&#x69;&#x6d;&#x65;&#x78;&#x2d;&#x67;&#x72;&#x6f;&#x75;&#x70;&#x2e;&#x61;&#x74;<\/a><\/span><\/p>\n<p><strong><span class=\"color\">Aray\u0131n\u0131z<\/span><\/strong><\/p>\n<p><strong>Muhasebe:<\/strong> +43 7711 31630 &#8211; 60<br \/>\n<strong>\u0130\u015flem:<\/strong> +43 7711 31630 &#8211; 61<br \/>\n<strong>M\u00fcsteri temsilcisi:<\/strong> +43 7711 31630 &#8211; 62<\/p>\n<p>veya \u0130leti\u015fim Formumuzu kullan\u0131n\u0131z.<\/p>\n<h3>\u0130\u015flem zamanlar\u0131<\/h3>\n<table>\n<tbody>\n<tr>\n<td>Pazartesi &nbsp;<\/td>\n<td>06.00 Uhr \u2013 22.00 Uhr<\/td>\n<\/tr>\n<tr>\n<td>Sal\u0131&nbsp;<\/td>\n<td>06.00 Uhr \u2013 22.00 Uhr<\/td>\n<\/tr>\n<tr>\n<td>\u00c7ar\u015famba<\/td>\n<td>06.00 Uhr \u2013 22.00 Uhr<\/td>\n<\/tr>\n<tr>\n<td>Per\u015fembe &nbsp; &nbsp;<\/td>\n<td>06.00 Uhr \u2013 22.00 Uhr<\/td>\n<\/tr>\n<tr>\n<td>Cuma&nbsp;<\/td>\n<td>06.00 Uhr \u2013 22.00 Uhr<\/td>\n<\/tr>\n<tr>\n<td>Cumartesi<\/td>\n<td>06.00 Uhr \u2013 14.00 Uhr<\/td>\n<\/tr>\n<\/tbody>\n<\/table>\n<h3>Sayfay\u0131 \u00fcreten<\/h3>\n<p><a href=\"http:\/\/www.rundrweb.com\/\" target=\"_blank\" rel=\"noopener\">R&amp;R Web GmbH<\/a>, Homepages mit Funktion<\/p>\n<p class=\"br\">&nbsp;<\/p>\n<\/div>\n<div class='col colspan last'>\n<h3>\u0130leti\u015fim Formu<\/h3>\n<p><strong>Bize mesaj yollay\u0131n\u0131z!<\/strong><\/p>\n\n<div class=\"wpcf7 no-js\" id=\"wpcf7-f480-o1\" lang=\"de-DE\" dir=\"ltr\" data-wpcf7-id=\"480\">\n<div class=\"screen-reader-response\"><p role=\"status\" aria-live=\"polite\" aria-atomic=\"true\"><\/p> <ul><\/ul><\/div>\n<form action=\"\/tr\/wp-json\/wp\/v2\/pages\/395#wpcf7-f480-o1\" method=\"post\" class=\"wpcf7-form init\" aria-label=\"Kontaktformular\" novalidate=\"novalidate\" data-status=\"init\">\n<fieldset class=\"hidden-fields-container\"><input type=\"hidden\" name=\"_wpcf7\" value=\"480\" \/><input type=\"hidden\" name=\"_wpcf7_version\" value=\"6.1.5\" \/><input type=\"hidden\" name=\"_wpcf7_locale\" value=\"de_DE\" \/><input type=\"hidden\" name=\"_wpcf7_unit_tag\" value=\"wpcf7-f480-o1\" \/><input type=\"hidden\" name=\"_wpcf7_container_post\" value=\"0\" \/><input type=\"hidden\" name=\"_wpcf7_posted_data_hash\" value=\"\" \/>\n<\/fieldset>\n<p><label>Ad-Soyad (zorunlu)<\/label><span class=\"wpcf7-form-control-wrap\" data-name=\"your-name\"><input size=\"40\" maxlength=\"400\" class=\"wpcf7-form-control wpcf7-text wpcf7-validates-as-required\" aria-required=\"true\" aria-invalid=\"false\" value=\"\" type=\"text\" name=\"your-name\" \/><\/span>\n<\/p>\n<p><span id=\"wpcf7-69e9e1008b9a7-wrapper\" class=\"wpcf7-form-control-wrap honeypot-457-wrap\" style=\"display:none !important; visibility:hidden !important;\"><label for=\"wpcf7-69e9e1008b9a7-field\" class=\"hp-message\">Bitte lasse dieses Feld leer.<\/label><input id=\"wpcf7-69e9e1008b9a7-field\"  class=\"wpcf7-form-control wpcf7-text\" type=\"text\" name=\"honeypot-457\" value=\"\" size=\"40\" tabindex=\"-1\" autocomplete=\"new-password\" \/><\/span>\n<\/p>\n<p><label>E-posta (zorunlu)<\/label><span class=\"wpcf7-form-control-wrap\" data-name=\"your-email\"><input size=\"40\" maxlength=\"400\" class=\"wpcf7-form-control wpcf7-email wpcf7-validates-as-required wpcf7-text wpcf7-validates-as-email\" aria-required=\"true\" aria-invalid=\"false\" value=\"\" type=\"email\" name=\"your-email\" \/><\/span>\n<\/p>\n<p><label>Konu ba\u015fl\u0131\u011f\u0131 (zorunlu)<\/label><span class=\"wpcf7-form-control-wrap\" data-name=\"your-subject\"><input size=\"40\" maxlength=\"400\" class=\"wpcf7-form-control wpcf7-text wpcf7-validates-as-required\" aria-required=\"true\" aria-invalid=\"false\" value=\"\" type=\"text\" name=\"your-subject\" \/><\/span>\n<\/p>\n<p><label>Mesaj<\/label><span class=\"wpcf7-form-control-wrap\" data-name=\"your-message\"><textarea cols=\"40\" rows=\"10\" maxlength=\"2000\" class=\"wpcf7-form-control wpcf7-textarea\" aria-invalid=\"false\" name=\"your-message\"><\/textarea><\/span>\n<\/p>\n<p><span class=\"wpcf7-form-control-wrap\" data-name=\"quiz\"><label><span class=\"wpcf7-quiz-label\">4 + 5 ?<\/span> <input size=\"40\" class=\"wpcf7-form-control wpcf7-quiz\" autocomplete=\"off\" aria-required=\"true\" aria-invalid=\"false\" type=\"text\" name=\"quiz\" \/><\/label><input type=\"hidden\" name=\"_wpcf7_quiz_answer_quiz\" value=\"ef874717cee4666ca3876963fa55d032\" \/><\/span>\n<\/p>\n<p><input class=\"wpcf7-form-control wpcf7-submit has-spinner\" type=\"submit\" value=\"G\u00f6nder\" \/>\n<\/p><div class=\"wpcf7-response-output\" aria-hidden=\"true\"><\/div>\n<\/form>\n<\/div>\n\n<\/div>\n<\/div>\n<div style=\"height: 450px;\"><iframe loading=\"lazy\" id=\"googlemaps-frame\" style=\"border: 0;\" src=\"https:\/\/www.google.com\/maps\/embed?pb=!1m18!1m12!1m3!1d59929.270937486!2d13.378632796248619!3d48.40807176800866!2m3!1f0!2f0!3f0!3m2!1i1024!2i768!4f13.1!3m3!1m2!1s0x0%3A0x0!2zNDjCsDI0JzIxLjIiTiAxM8KwMjUnNTMuMiJF!5e0!3m2!1sde!2sat!4v1543341429059\" width=\"100%\" height=\"450\" frameborder=\"0\"><\/iframe><\/div>\n<\/div> <\/div>","protected":false},"excerpt":{"rendered":"","protected":false},"author":2,"featured_media":0,"parent":0,"menu_order":20,"comment_status":"closed","ping_status":"closed","template":"","meta":{"footnotes":""},"class_list":["post-395","page","type-page","status-publish","hentry"],"_links":{"self":[{"href":"https:\/\/www.imex-group.at\/tr\/wp-json\/wp\/v2\/pages\/395","targetHints":{"allow":["GET"]}}],"collection":[{"href":"https:\/\/www.imex-group.at\/tr\/wp-json\/wp\/v2\/pages"}],"about":[{"href":"https:\/\/www.imex-group.at\/tr\/wp-json\/wp\/v2\/types\/page"}],"author":[{"embeddable":true,"href":"https:\/\/www.imex-group.at\/tr\/wp-json\/wp\/v2\/users\/2"}],"replies":[{"embeddable":true,"href":"https:\/\/www.imex-group.at\/tr\/wp-json\/wp\/v2\/comments?post=395"}],"version-history":[{"count":6,"href":"https:\/\/www.imex-group.at\/tr\/wp-json\/wp\/v2\/pages\/395\/revisions"}],"predecessor-version":[{"id":717,"href":"https:\/\/www.imex-group.at\/tr\/wp-json\/wp\/v2\/pages\/395\/revisions\/717"}],"wp:attachment":[{"href":"https:\/\/www.imex-group.at\/tr\/wp-json\/wp\/v2\/media?parent=395"}],"curies":[{"name":"wp","href":"https:\/\/api.w.org\/{rel}","templated":true}]}}