













{"id":393,"date":"2016-04-28T08:36:51","date_gmt":"2016-04-28T06:36:51","guid":{"rendered":"https:\/\/www.imex-group.at\/downloadservice\/"},"modified":"2017-02-02T17:28:27","modified_gmt":"2017-02-02T16:28:27","slug":"downloadservice","status":"publish","type":"page","link":"https:\/\/www.imex-group.at\/tr\/downloadservice\/","title":{"rendered":"Formlar"},"content":{"rendered":"<div id=\"metaslider-id-63\" style=\"width: 100%;\" class=\"ml-slider-3-108-0 ml-slider-pro-2-56-0 metaslider metaslider-flex metaslider-63 ml-slider ms-theme-default nav-hidden\" role=\"region\" aria-label=\"Neue Diashow\" data-height=\"500\" data-width=\"2400\">\n    <div id=\"metaslider_container_63\">\n        <div id=\"metaslider_63\" class=\"flexslider\">\n            <ul class='slides'>\n                <li style=\"display: block; width: 100%;\" class=\"slide-261 ms-image \" aria-roledescription=\"slide\" data-date=\"2016-10-18 09:25:13\" data-filename=\"iStock_84373253_LARGE-1.jpg\" data-slide-type=\"image\"><img loading=\"lazy\" decoding=\"async\" src=\"https:\/\/www.imex-group.at\/wp\/wp-content\/uploads\/iStock_84373253_LARGE-1.jpg\" height=\"500\" width=\"2400\" alt=\"\" class=\"slider-63 slide-261 msDefaultImage\" \/><\/li>\n                <li style=\"display: none; width: 100%;\" class=\"slide-262 ms-image \" aria-roledescription=\"slide\" data-date=\"2016-10-18 09:25:16\" data-filename=\"iStock_87280105_LARGE-1.jpg\" data-slide-type=\"image\"><img loading=\"lazy\" decoding=\"async\" src=\"https:\/\/www.imex-group.at\/wp\/wp-content\/uploads\/iStock_87280105_LARGE-1.jpg\" height=\"500\" width=\"2400\" alt=\"\" class=\"slider-63 slide-262 msDefaultImage\" \/><\/li>\n                <li style=\"display: none; width: 100%;\" class=\"slide-315 ms-image \" aria-roledescription=\"slide\" data-date=\"2016-12-16 05:21:29\" data-filename=\"iStock-119386140.jpg\" data-slide-type=\"image\"><img loading=\"lazy\" decoding=\"async\" src=\"https:\/\/www.imex-group.at\/wp\/wp-content\/uploads\/iStock-119386140.jpg\" height=\"500\" width=\"2400\" alt=\"\" class=\"slider-63 slide-315 msDefaultImage\" \/><\/li>\n                <li style=\"display: none; width: 100%;\" class=\"slide-314 ms-image \" aria-roledescription=\"slide\" data-date=\"2016-12-16 05:19:08\" data-filename=\"IMEX-9-von-40.jpg\" data-slide-type=\"image\"><img loading=\"lazy\" decoding=\"async\" src=\"https:\/\/www.imex-group.at\/wp\/wp-content\/uploads\/IMEX-9-von-40.jpg\" height=\"500\" width=\"2400\" alt=\"\" class=\"slider-63 slide-314 msDefaultImage\" \/><\/li>\n                <li style=\"display: none; width: 100%;\" class=\"slide-257 ms-image \" aria-roledescription=\"slide\" data-date=\"2016-10-18 09:25:04\" data-filename=\"iStock_10092536_LARGE.jpg\" data-slide-type=\"image\"><img loading=\"lazy\" decoding=\"async\" src=\"https:\/\/www.imex-group.at\/wp\/wp-content\/uploads\/iStock_10092536_LARGE.jpg\" height=\"500\" width=\"2400\" alt=\"\" class=\"slider-63 slide-257 msDefaultImage\" \/><\/li>\n                <li style=\"display: none; width: 100%;\" class=\"slide-264 ms-image \" aria-roledescription=\"slide\" data-date=\"2016-10-18 09:27:47\" data-filename=\"iStock_93582271_LARGE.jpg\" data-slide-type=\"image\"><img loading=\"lazy\" decoding=\"async\" src=\"https:\/\/www.imex-group.at\/wp\/wp-content\/uploads\/iStock_93582271_LARGE.jpg\" height=\"500\" width=\"2400\" alt=\"\" class=\"slider-63 slide-264 msDefaultImage\" \/><\/li>\n                <li style=\"display: none; width: 100%;\" class=\"slide-265 ms-image \" aria-roledescription=\"slide\" data-date=\"2016-10-18 09:30:41\" data-filename=\"iStock_42884728_XLARGE-1.jpg\" data-slide-type=\"image\"><img loading=\"lazy\" decoding=\"async\" src=\"https:\/\/www.imex-group.at\/wp\/wp-content\/uploads\/iStock_42884728_XLARGE-1.jpg\" height=\"500\" width=\"2400\" alt=\"\" class=\"slider-63 slide-265 msDefaultImage\" \/><\/li>\n            <\/ul>\n        <\/div>\n        \n    <\/div>\n<\/div>\n<div class='conblock con-grey clearfix'><div class='conblock-inner'>\n<h1>Form\u00fcller<\/h1>\n<h2>Hizli \u2013 Ehil \u2013 \u00a0G\u00fcvenilir<\/h2>\n<p>Bu Sayfada sizlere G\u00fcmr\u00fckle alakal\u0131 bilgiler sunmakta ve yasal sorular\u0131n\u0131z\u0131 ayd\u0131nlatmak i\u00e7in bilgilendirici sayfalara sevk etmekteyiz.<\/p>\n\n\n    <a name=\"anchor-news\" class=\"anchor anchor2\"><\/a>\n\n    <ul id=\"articles-news\" class=\"articles cols3 cols gap0 clearfix \">\n\n\n            <li class=\"entry col clearfix\">\n    \n    \n    <div class=\"pic\">\n        <div class=\"picbox\">\n            <img loading=\"lazy\" decoding=\"async\" width=\"600\" height=\"400\" src=\"https:\/\/www.imex-group.at\/wp\/wp-content\/uploads\/Wlan-600x400.jpg\" class=\"attachment-articlepic size-articlepic wp-post-image\" alt=\"\" \/>        <\/div>\n    <\/div>\n\n    <div class=\"desc excerptfull \" >\n        <h4>\u00dccretsiz Wifi<\/h4>\n        <div class=\"excerpt\">\n            M\u00fc\u015fterilerimize \u00fccretsiz WiF\u0131 ba\u011flant\u0131s\u0131 sunmaktay\u0131z. (Istek \u00fczerine eri\u015fim!)        <\/div>\n    <\/div>\n\n    \n    <\/li>\n\n    \n            <li class=\"entry col clearfix\">\n    \n    \n    <div class=\"pic\">\n        <div class=\"picbox\">\n            <img loading=\"lazy\" decoding=\"async\" width=\"600\" height=\"400\" src=\"https:\/\/www.imex-group.at\/wp\/wp-content\/uploads\/iStock_000028320896_Large-600x400.jpg\" class=\"attachment-articlepic size-articlepic wp-post-image\" alt=\"\" \/>        <\/div>\n    <\/div>\n\n    <div class=\"desc excerptfull \" >\n        <h4>ATLAS-Abone bilgileri 1586\/16<\/h4>\n        <div class=\"excerpt\">\n            Yeni ATLAS abone bilgileri ATLAS hakk\u0131nda genel bilgiler i\u00e7erir.\u00a02016 senesinde makamlarda yenileme, sonland\u0131rma veya birle\u015ftirme yap\u0131lm\u0131\u015ft\u0131r. ATLAS-Abone bilgileri 1586\/16 www.zoll.de        <\/div>\n    <\/div>\n\n    \n    <\/li>\n\n    \n            <li class=\"entry col clearfix\">\n    \n    \n    <div class=\"pic\">\n        <div class=\"picbox\">\n            <img loading=\"lazy\" decoding=\"async\" width=\"600\" height=\"400\" src=\"https:\/\/www.imex-group.at\/wp\/wp-content\/uploads\/iStock_000034837482_Large-600x400.jpg\" class=\"attachment-articlepic size-articlepic wp-post-image\" alt=\"\" \/>        <\/div>\n    <\/div>\n\n    <div class=\"desc excerptfull \" >\n        <h4>ATLAS-Abone bilgileri 1676\/16<\/h4>\n        <div class=\"excerpt\">\n            Yeni ATLAS-Abone bilgileri ATLAS-\u0130hracat (AES) hakk\u0131nda bilgiler i\u00e7erir: Iran-VO lisans\u0131na g\u00f6re.        <\/div>\n    <\/div>\n\n    \n    <\/li>\n\n        <\/ul>\n\n\n\n<h1>Form\u00fcller<\/h1>\n<div class='cols3 cols gap clearfix'>\n<div class='col colspan '>\n<p><strong>Vekaletname Almanca<\/strong><\/p>\n<p><strong><a href=\"https:\/\/www.imex-group.at\/wp\/wp-content\/uploads\/Zollvollmacht-DE.pdf\" target=\"_blank\"><img loading=\"lazy\" decoding=\"async\" class=\"alignnone wp-image-182\" src=\"https:\/\/www.imex-group.at\/wp\/wp-content\/uploads\/HiRes-300x185.jpg\" width=\"200\" height=\"123\" \/><\/a><\/strong><\/p>\n<p class=\"br\">&nbsp;<\/p>\n<\/div>\n<div class='col colspan '>\n<p><strong>Vekaletname Ingilizce<\/strong><\/p>\n<p><strong><a href=\"https:\/\/www.imex-group.at\/wp\/wp-content\/uploads\/Zollvollmacht-Englisch.pdf\" target=\"_blank\"><img loading=\"lazy\" decoding=\"async\" class=\"alignnone wp-image-182\" src=\"https:\/\/www.imex-group.at\/wp\/wp-content\/uploads\/HiRes-300x185.jpg\" width=\"200\" height=\"123\" \/><\/a><\/strong><\/p>\n<p class=\"br\">&nbsp;<\/p>\n<\/div>\n<div class='col colspan '>\n<p><strong>Alman G\u00fcmr\u00fcg\u00fcnde Fiskal-G\u00fcmr\u00fckleme Vekaletnamesi Almanca<\/strong><\/p>\n<p><strong><a href=\"https:\/\/www.imex-group.at\/wp\/wp-content\/uploads\/DT.FISKAL-Vollmacht-DEUTSCH.pdf\" target=\"_blank\"><img loading=\"lazy\" decoding=\"async\" class=\"alignnone wp-image-182\" src=\"https:\/\/www.imex-group.at\/wp\/wp-content\/uploads\/HiRes-300x185.jpg\" width=\"200\" height=\"123\" \/><\/a><\/strong><\/p>\n<p class=\"br\">&nbsp;<\/p>\n<\/div>\n<div class='col colspan '>\n<p><strong>Alman G\u00fcmr\u00fcg\u00fcnde Fiskal-G\u00fcmr\u00fckleme Vekaletnamesi \u00a0Fransizca<\/strong><\/p>\n<p><strong><a href=\"https:\/\/www.imex-group.at\/wp\/wp-content\/uploads\/DT.FISKAL-Vollmacht-FRANZ\u00d6SISCH.pdf\" target=\"_blank\"><img loading=\"lazy\" decoding=\"async\" class=\"alignnone wp-image-182\" src=\"https:\/\/www.imex-group.at\/wp\/wp-content\/uploads\/HiRes-300x185.jpg\" width=\"200\" height=\"123\" \/><\/a><\/strong><\/p>\n<p class=\"br\">&nbsp;<\/p>\n<\/div>\n<div class='col colspan '>\n<p><strong>Alman G\u00fcmr\u00fcg\u00fcnde Fiskal-G\u00fcmr\u00fckleme Vekaletnamesi Ingilizce<\/strong><\/p>\n<p><strong><a href=\"https:\/\/www.imex-group.at\/wp\/wp-content\/uploads\/DT.FISKAL-Vollmacht-in-ENGLISCH.pdf\" target=\"_blank\"><img loading=\"lazy\" decoding=\"async\" class=\"alignnone wp-image-182\" src=\"https:\/\/www.imex-group.at\/wp\/wp-content\/uploads\/HiRes-300x185.jpg\" width=\"200\" height=\"123\" \/><\/a><\/strong><\/p>\n<p class=\"br\">&nbsp;<\/p>\n<\/div>\n<div class='col colspan '>\n<p><strong>Avusturya Vergili islem Vekaletnamesi Almanca<\/strong><\/p>\n<p><strong><a href=\"https:\/\/www.imex-group.at\/wp\/wp-content\/uploads\/EV-Vollmacht-IMEX-1.pdf\" target=\"_blank\"><img loading=\"lazy\" decoding=\"async\" class=\"alignnone wp-image-182\" src=\"https:\/\/www.imex-group.at\/wp\/wp-content\/uploads\/HiRes-300x185.jpg\" width=\"200\" height=\"123\" \/><\/a><\/strong><\/p>\n<p class=\"br\">&nbsp;<\/p>\n<\/div>\n<div class='col colspan '>\n<p><strong>T1\/T2 kapatma Garantie Formu Ingilizce<\/strong><\/p>\n<p><strong><a href=\"https:\/\/www.imex-group.at\/wp\/wp-content\/uploads\/Gestellungsgarantie-Englisch.pdf\" target=\"_blank\"><img loading=\"lazy\" decoding=\"async\" class=\"alignnone wp-image-182\" src=\"https:\/\/www.imex-group.at\/wp\/wp-content\/uploads\/HiRes-300x185.jpg\" width=\"200\" height=\"123\" \/><\/a><\/strong><\/p>\n<p class=\"br\">&nbsp;<\/p>\n<\/div>\n<div class='col colspan '>\n<p><strong>T1\/T2 kapatma Garantie Formu Almanca<\/strong><\/p>\n<p><strong><a href=\"https:\/\/www.imex-group.at\/wp\/wp-content\/uploads\/Gestellungsgarantie.pdf\" target=\"_blank\"><img loading=\"lazy\" decoding=\"async\" class=\"alignnone wp-image-182\" src=\"https:\/\/www.imex-group.at\/wp\/wp-content\/uploads\/HiRes-300x185.jpg\" width=\"200\" height=\"123\" \/><\/a><\/strong><\/p>\n<p class=\"br\">&nbsp;<\/p>\n<\/div>\n<div class='col colspan '>\n<p><strong>Vekaletname Almanca<\/strong><\/p>\n<p><strong><a href=\"https:\/\/www.imex-group.at\/wp\/wp-content\/uploads\/Zollvollmacht-DE.pdf\" target=\"_blank\"><img loading=\"lazy\" decoding=\"async\" class=\"alignnone wp-image-182\" src=\"https:\/\/www.imex-group.at\/wp\/wp-content\/uploads\/HiRes-300x185.jpg\" width=\"200\" height=\"123\" \/><\/a><\/strong><\/p>\n<p class=\"br\">&nbsp;<\/p>\n<\/div>\n<div class='col colspan '>\n<p><strong>Vekaletname Ingilizce<\/strong><\/p>\n<p><strong><a href=\"https:\/\/www.imex-group.at\/wp\/wp-content\/uploads\/Zollvollmacht-Englisch.pdf\" target=\"_blank\"><img loading=\"lazy\" decoding=\"async\" class=\"alignnone wp-image-182\" src=\"https:\/\/www.imex-group.at\/wp\/wp-content\/uploads\/HiRes-300x185.jpg\" width=\"200\" height=\"123\" \/><\/a><\/strong><\/p>\n<p class=\"br\">&nbsp;<\/p>\n<\/div>\n<div class='col colspan '>\n<p><strong>Ihracat G\u00fcmr\u00fck islem Vekaleti Almanca<\/strong><\/p>\n<p><strong><a href=\"https:\/\/www.imex-group.at\/wp\/wp-content\/uploads\/Zollvollmacht-Export-1.pdf\" target=\"_blank\"><img loading=\"lazy\" decoding=\"async\" class=\"alignnone wp-image-182\" src=\"https:\/\/www.imex-group.at\/wp\/wp-content\/uploads\/HiRes-300x185.jpg\" width=\"200\" height=\"123\" \/><\/a><\/strong><\/p>\n<p class=\"br\">&nbsp;<\/p>\n<\/div>\n<div class='col colspan '>\n<p><strong>Ihracat G\u00fcmr\u00fck islem Vekaleti \u00a0Ingilizce<\/strong><\/p>\n<p><strong><a href=\"https:\/\/www.imex-group.at\/wp\/wp-content\/uploads\/Zollvollmacht-Export_eng.pdf\" target=\"_blank\"><img loading=\"lazy\" decoding=\"async\" class=\"alignnone wp-image-182\" src=\"https:\/\/www.imex-group.at\/wp\/wp-content\/uploads\/HiRes-300x185.jpg\" width=\"200\" height=\"123\" \/><\/a><\/strong><\/p>\n<p class=\"br\">&nbsp;<\/p>\n<\/div>\n<div class='col colspan '>\n<p><strong>EOR\u0130-ba\u015fvuru Formu<\/strong><\/p>\n<p><strong><a href=\"https:\/\/www.imex-group.at\/wp\/wp-content\/uploads\/EORI-Antrag.pdf\" target=\"_blank\"><img loading=\"lazy\" decoding=\"async\" class=\"alignnone wp-image-182\" src=\"https:\/\/www.imex-group.at\/wp\/wp-content\/uploads\/HiRes-300x185.jpg\" width=\"200\" height=\"123\" \/><\/a><\/strong><\/p>\n<p class=\"br\">&nbsp;<\/p>\n<\/div>\n<div class='col colspan last'>\n<p><strong>G\u00fcmr\u00fck Vergi Hesabi icin Basvuru Formu<\/strong><\/p>\n<p><strong><a href=\"https:\/\/www.imex-group.at\/wp\/wp-content\/uploads\/Antrag-Aufschubkonto.pdf\" target=\"_blank\"><img loading=\"lazy\" decoding=\"async\" class=\"alignnone wp-image-182\" src=\"https:\/\/www.imex-group.at\/wp\/wp-content\/uploads\/HiRes-300x185.jpg\" width=\"200\" height=\"123\" \/><\/a><\/strong><\/p>\n<p class=\"br\">&nbsp;<\/p>\n<\/div>\n<\/div>\n<div class='colorline'><\/div>\n<h3>Avusturya da g\u00fcvenilir G\u00fcmr\u00fck Acentaniz ImEx Customs Service GmbH!<\/h3>\n<p>Sorular\u0131n\u0131z veya sorunlar\u0131n\u0131z varsa, bizimle \u0130leti\u015fime ge\u00e7iniz. Bize <strong>+43 7711 31630 Numaram\u0131zdan<\/strong> veya <strong><a href=\"mailto:&#x69;&#x6e;&#x66;&#x6f;&#x40;&#x69;&#x6d;&#x65;&#x78;&#x2d;&#x67;&#x72;&#x6f;&#x75;&#x70;&#x2e;&#x61;&#x74;\">\u0130leti\u015fim Formunu<\/a><\/strong> doldurup bize ula\u015fabilirsiniz.<\/p>\n<\/div> <\/div>","protected":false},"excerpt":{"rendered":"","protected":false},"author":3,"featured_media":0,"parent":0,"menu_order":15,"comment_status":"closed","ping_status":"closed","template":"","meta":{"footnotes":""},"class_list":["post-393","page","type-page","status-publish","hentry"],"_links":{"self":[{"href":"https:\/\/www.imex-group.at\/tr\/wp-json\/wp\/v2\/pages\/393","targetHints":{"allow":["GET"]}}],"collection":[{"href":"https:\/\/www.imex-group.at\/tr\/wp-json\/wp\/v2\/pages"}],"about":[{"href":"https:\/\/www.imex-group.at\/tr\/wp-json\/wp\/v2\/types\/page"}],"author":[{"embeddable":true,"href":"https:\/\/www.imex-group.at\/tr\/wp-json\/wp\/v2\/users\/3"}],"replies":[{"embeddable":true,"href":"https:\/\/www.imex-group.at\/tr\/wp-json\/wp\/v2\/comments?post=393"}],"version-history":[{"count":6,"href":"https:\/\/www.imex-group.at\/tr\/wp-json\/wp\/v2\/pages\/393\/revisions"}],"predecessor-version":[{"id":469,"href":"https:\/\/www.imex-group.at\/tr\/wp-json\/wp\/v2\/pages\/393\/revisions\/469"}],"wp:attachment":[{"href":"https:\/\/www.imex-group.at\/tr\/wp-json\/wp\/v2\/media?parent=393"}],"curies":[{"name":"wp","href":"https:\/\/api.w.org\/{rel}","templated":true}]}}