













{"id":387,"date":"2016-04-28T08:35:40","date_gmt":"2016-04-28T06:35:40","guid":{"rendered":"https:\/\/www.imex-group.at\/unternehmen\/ansprechpartner\/"},"modified":"2017-02-13T09:31:55","modified_gmt":"2017-02-13T08:31:55","slug":"ansprechpartner","status":"publish","type":"page","link":"https:\/\/www.imex-group.at\/tr\/unternehmen\/ansprechpartner\/","title":{"rendered":"\u0130leti\u015fim"},"content":{"rendered":"<div id=\"metaslider-id-63\" style=\"width: 100%;\" class=\"ml-slider-3-108-0 ml-slider-pro-2-56-0 metaslider metaslider-flex metaslider-63 ml-slider ms-theme-default nav-hidden\" role=\"region\" aria-label=\"Neue Diashow\" data-height=\"500\" data-width=\"2400\">\n    <div id=\"metaslider_container_63\">\n        <div id=\"metaslider_63\" class=\"flexslider\">\n            <ul class='slides'>\n                <li style=\"display: block; width: 100%;\" class=\"slide-262 ms-image \" aria-roledescription=\"slide\" data-date=\"2016-10-18 09:25:16\" data-filename=\"iStock_87280105_LARGE-1.jpg\" data-slide-type=\"image\"><img loading=\"lazy\" decoding=\"async\" src=\"https:\/\/www.imex-group.at\/wp\/wp-content\/uploads\/iStock_87280105_LARGE-1.jpg\" height=\"500\" width=\"2400\" alt=\"\" class=\"slider-63 slide-262 msDefaultImage\" \/><\/li>\n                <li style=\"display: none; width: 100%;\" class=\"slide-261 ms-image \" aria-roledescription=\"slide\" data-date=\"2016-10-18 09:25:13\" data-filename=\"iStock_84373253_LARGE-1.jpg\" data-slide-type=\"image\"><img loading=\"lazy\" decoding=\"async\" src=\"https:\/\/www.imex-group.at\/wp\/wp-content\/uploads\/iStock_84373253_LARGE-1.jpg\" height=\"500\" width=\"2400\" alt=\"\" class=\"slider-63 slide-261 msDefaultImage\" \/><\/li>\n                <li style=\"display: none; width: 100%;\" class=\"slide-315 ms-image \" aria-roledescription=\"slide\" data-date=\"2016-12-16 05:21:29\" data-filename=\"iStock-119386140.jpg\" data-slide-type=\"image\"><img loading=\"lazy\" decoding=\"async\" src=\"https:\/\/www.imex-group.at\/wp\/wp-content\/uploads\/iStock-119386140.jpg\" height=\"500\" width=\"2400\" alt=\"\" class=\"slider-63 slide-315 msDefaultImage\" \/><\/li>\n                <li style=\"display: none; width: 100%;\" class=\"slide-314 ms-image \" aria-roledescription=\"slide\" data-date=\"2016-12-16 05:19:08\" data-filename=\"IMEX-9-von-40.jpg\" data-slide-type=\"image\"><img loading=\"lazy\" decoding=\"async\" src=\"https:\/\/www.imex-group.at\/wp\/wp-content\/uploads\/IMEX-9-von-40.jpg\" height=\"500\" width=\"2400\" alt=\"\" class=\"slider-63 slide-314 msDefaultImage\" \/><\/li>\n                <li style=\"display: none; width: 100%;\" class=\"slide-257 ms-image \" aria-roledescription=\"slide\" data-date=\"2016-10-18 09:25:04\" data-filename=\"iStock_10092536_LARGE.jpg\" data-slide-type=\"image\"><img loading=\"lazy\" decoding=\"async\" src=\"https:\/\/www.imex-group.at\/wp\/wp-content\/uploads\/iStock_10092536_LARGE.jpg\" height=\"500\" width=\"2400\" alt=\"\" class=\"slider-63 slide-257 msDefaultImage\" \/><\/li>\n                <li style=\"display: none; width: 100%;\" class=\"slide-265 ms-image \" aria-roledescription=\"slide\" data-date=\"2016-10-18 09:30:41\" data-filename=\"iStock_42884728_XLARGE-1.jpg\" data-slide-type=\"image\"><img loading=\"lazy\" decoding=\"async\" src=\"https:\/\/www.imex-group.at\/wp\/wp-content\/uploads\/iStock_42884728_XLARGE-1.jpg\" height=\"500\" width=\"2400\" alt=\"\" class=\"slider-63 slide-265 msDefaultImage\" \/><\/li>\n                <li style=\"display: none; width: 100%;\" class=\"slide-264 ms-image \" aria-roledescription=\"slide\" data-date=\"2016-10-18 09:27:47\" data-filename=\"iStock_93582271_LARGE.jpg\" data-slide-type=\"image\"><img loading=\"lazy\" decoding=\"async\" src=\"https:\/\/www.imex-group.at\/wp\/wp-content\/uploads\/iStock_93582271_LARGE.jpg\" height=\"500\" width=\"2400\" alt=\"\" class=\"slider-63 slide-264 msDefaultImage\" \/><\/li>\n            <\/ul>\n        <\/div>\n        \n    <\/div>\n<\/div>\n<div class='conblock con-grey clearfix'><div class='conblock-inner'>\n<h1>\u0130leti\u015fim<\/h1>\n<h2>ImEx Customs Service GmbH \u2013 Her zaman hizmetinizdeyiz!<\/h2>\n<p>G\u00fcmr\u00fck i\u015flemleriniz icin, ehil , yeterli mesleki bilgiye sahip ve g\u00fcvenilir bir G\u00fcmr\u00fck Acentasiyiz. G\u00fcmr\u00fck i\u015flemleriyle ilgilenen, profesyonel personellerimizle hedefe y\u00f6nelik ve ba\u011f\u0131ms\u0131z bir servis sunmaktay\u0131z.<\/p>\n<p class=\"br\">&nbsp;<\/p>\n<div class='cols2 cols gap clearfix'>\n<div class='col colspan '>\n<p><img loading=\"lazy\" decoding=\"async\" class=\"alignnone size-medium wp-image-336\" src=\"https:\/\/www.imex-group.at\/wp\/wp-content\/uploads\/IMG_1830-550x367.jpg\" alt=\"IMG_1830\" width=\"550\" height=\"367\" \/><\/p>\n<p class=\"br\">&nbsp;<\/p>\n<\/div>\n<div class='col colspan last'>\n<h4>Y\u00f6netici<\/h4>\n<p><strong>Vakkas Coban<\/strong><br \/>\n Telefon: +43 77 11 316 30<br \/>\n E-Mail: <a href=\"mailto:&#x63;&#x6f;&#x62;&#x61;&#x6e;&#x40;&#x69;&#x6d;&#x65;&#x78;&#x2d;&#x67;&#x72;&#x6f;&#x75;&#x70;&#x2e;&#x61;&#x74;\">&#x63;&#x6f;&#x62;&#x61;&#x6e;&#x40;<span class=\"oe_displaynone\">null<\/span>&#x69;&#x6d;&#x65;&#x78;&#x2d;&#x67;&#x72;&#x6f;&#x75;&#x70;&#x2e;&#x61;&#x74;<\/a><\/p>\n<p class=\"br\">&nbsp;<\/p>\n<\/div>\n<\/div>\n<div class='cols2 cols gap clearfix'>\n<div class='col colspan '>\n<h3>Muhasebe ve Sevk-\u0130dare<\/h3>\n<p><img loading=\"lazy\" decoding=\"async\" class=\"alignnone wp-image-333\" src=\"https:\/\/www.imex-group.at\/wp\/wp-content\/uploads\/Buchhaltung-und-Controling-550x367.jpg\" alt=\"Buchhaltung und Controling\" width=\"550\" height=\"367\" \/><\/p>\n<p><strong>G\u00fcler Coban<\/strong><br \/>\n Telefon: +43 7711 316 30-36<br \/>\n E-Mail: <a href=\"mailto:&#x67;&#x75;&#x6c;&#x65;&#x72;&#x2e;&#x63;&#x6f;&#x62;&#x61;&#x6e;&#x40;&#x69;&#x6d;&#x65;&#x78;&#x2d;&#x67;&#x72;&#x6f;&#x75;&#x70;&#x2e;&#x61;&#x74;\">&#x67;&#x75;&#x6c;&#x65;&#x72;&#x2e;&#x63;&#x6f;&#x62;&#x61;&#x6e;&#x40;<span class=\"oe_displaynone\">null<\/span>&#x69;&#x6d;&#x65;&#x78;&#x2d;&#x67;&#x72;&#x6f;&#x75;&#x70;&#x2e;&#x61;&#x74;<\/a><\/p>\n<p><strong>Fadime Ciydem<\/strong><br \/>\n Telefon: +43 7711 316 30-35<br \/>\n E-Mail:\u00a0<a href=\"mailto:&#x66;&#x61;&#x64;&#x69;&#x6d;&#x65;&#x2e;&#x63;&#x69;&#x79;&#x64;&#x65;&#x6d;&#x40;&#x69;&#x6d;&#x65;&#x78;&#x2d;&#x67;&#x72;&#x6f;&#x75;&#x70;&#x2e;&#x61;&#x74;\">&#x66;&#x61;&#x64;&#x69;&#x6d;&#x65;&#x2e;&#x63;&#x69;&#x79;&#x64;&#x65;&#x6d;&#x40;<span class=\"oe_displaynone\">null<\/span>&#x69;&#x6d;&#x65;&#x78;&#x2d;&#x67;&#x72;&#x6f;&#x75;&#x70;&#x2e;&#x61;&#x74;<\/a><\/p>\n<p><strong>Viktoria Leirich<\/strong><br \/>\n Telefon: +43 7711 316 30-38<br \/>\n E-Mail: <a href=\"mailto:&#x76;&#x69;&#x6b;&#x74;&#x6f;&#x72;&#x69;&#x61;&#x2e;&#x6c;&#x65;&#x69;&#x72;&#x69;&#x63;&#x68;&#x40;&#x69;&#x6d;&#x65;&#x78;&#x2d;&#x67;&#x72;&#x6f;&#x75;&#x70;&#x2e;&#x61;&#x74;\">&#x76;&#x69;&#x6b;&#x74;&#x6f;&#x72;&#x69;&#x61;&#x2e;&#x6c;&#x65;&#x69;&#x72;&#x69;&#x63;&#x68;&#x40;<span class=\"oe_displaynone\">null<\/span>&#x69;&#x6d;&#x65;&#x78;&#x2d;&#x67;&#x72;&#x6f;&#x75;&#x70;&#x2e;&#x61;&#x74;<\/a><\/p>\n<p><strong>Tuba Akceylan<\/strong><br \/>\n Telefon: +43 7711 316 30-37<br \/>\n E-Mail: <a href=\"mailto:&#x74;&#x75;&#x62;&#x61;&#x2e;&#x61;&#x6b;&#x63;&#x65;&#x79;&#x6c;&#x61;&#x6e;&#x40;&#x69;&#x6d;&#x65;&#x78;&#x2d;&#x67;&#x72;&#x6f;&#x75;&#x70;&#x2e;&#x61;&#x74;\">&#x74;&#x75;&#x62;&#x61;&#x2e;&#x61;&#x6b;&#x63;&#x65;&#x79;&#x6c;&#x61;&#x6e;&#x40;<span class=\"oe_displaynone\">null<\/span>&#x69;&#x6d;&#x65;&#x78;&#x2d;&#x67;&#x72;&#x6f;&#x75;&#x70;&#x2e;&#x61;&#x74;<\/a><\/p>\n<p><strong>Christina Hofinger<\/strong><br \/>\n Telefon: +43 77 11 316 30-39<br \/>\n E-Mail: <a href=\"mailto:&#x63;&#x68;&#x72;&#x69;&#x73;&#x74;&#x69;&#x6e;&#x61;&#x2e;&#x68;&#x6f;&#x66;&#x69;&#x6e;&#x67;&#x65;&#x72;&#x40;&#x69;&#x6d;&#x65;&#x78;&#x2d;&#x67;&#x72;&#x6f;&#x75;&#x70;&#x2e;&#x61;&#x74;\">&#x63;&#x68;&#x72;&#x69;&#x73;&#x74;&#x69;&#x6e;&#x61;&#x2e;&#x68;&#x6f;&#x66;&#x69;&#x6e;&#x67;&#x65;&#x72;&#x40;<span class=\"oe_displaynone\">null<\/span>&#x69;&#x6d;&#x65;&#x78;&#x2d;&#x67;&#x72;&#x6f;&#x75;&#x70;&#x2e;&#x61;&#x74;<\/a><\/p>\n<p class=\"br\">&nbsp;<\/p>\n<\/div>\n<div class='col colspan last'>\n<h3>\u0130rtibat bilgileri \u2013 M\u00fcsteri hizmetleri<\/h3>\n<p><img loading=\"lazy\" decoding=\"async\" class=\"alignnone wp-image-331 size-full\" src=\"https:\/\/www.imex-group.at\/wp\/wp-content\/uploads\/IMEX-7-von-40.jpg\" alt=\"IMEX (7 von 40)\" width=\"1000\" height=\"667\" \/><\/p>\n<p><strong>Alexander Klar<\/strong><br \/>\n Telefon: +43 77 11 316 30-32<br \/>\n E-Mail: <a href=\"mailto:&#x61;&#x6c;&#x65;&#x78;&#x61;&#x6e;&#x64;&#x65;&#x72;&#x2e;&#x6b;&#x6c;&#x61;&#x72;&#x40;&#x69;&#x6d;&#x65;&#x78;&#x2d;&#x67;&#x72;&#x6f;&#x75;&#x70;&#x2e;&#x61;&#x74;\">&#x61;&#x6c;&#x65;&#x78;&#x61;&#x6e;&#x64;&#x65;&#x72;&#x2e;&#x6b;&#x6c;&#x61;&#x72;&#x40;<span class=\"oe_displaynone\">null<\/span>&#x69;&#x6d;&#x65;&#x78;&#x2d;&#x67;&#x72;&#x6f;&#x75;&#x70;&#x2e;&#x61;&#x74;<\/a><\/p>\n<p><strong>Selcuk Yildiz<\/strong><br \/>\n Telefon: +43 77 11 316 30-31<br \/>\n E-Mail: <a href=\"mailto:&#x73;&#x65;&#x6c;&#x63;&#x75;&#x6b;&#x2e;&#x79;&#x69;&#x6c;&#x64;&#x69;&#x7a;&#x40;&#x69;&#x6d;&#x65;&#x78;&#x2d;&#x67;&#x72;&#x6f;&#x75;&#x70;&#x2e;&#x61;&#x74;\">&#x73;&#x65;&#x6c;&#x63;&#x75;&#x6b;&#x2e;&#x79;&#x69;&#x6c;&#x64;&#x69;&#x7a;&#x40;<span class=\"oe_displaynone\">null<\/span>&#x69;&#x6d;&#x65;&#x78;&#x2d;&#x67;&#x72;&#x6f;&#x75;&#x70;&#x2e;&#x61;&#x74;<\/a><\/p>\n<p><strong>Metin Akceylan<\/strong><br \/>\n Telefon: +43 77 11 316 30-33<br \/>\n E-Mail: <a href=\"mailto:&#x6d;&#x65;&#x74;&#x69;&#x6e;&#x2e;&#x61;&#x6b;&#x63;&#x65;&#x79;&#x6c;&#x61;&#x6e;&#x40;&#x69;&#x6d;&#x65;&#x78;&#x2d;&#x67;&#x72;&#x6f;&#x75;&#x70;&#x2e;&#x61;&#x74;\">&#x6d;&#x65;&#x74;&#x69;&#x6e;&#x2e;&#x61;&#x6b;&#x63;&#x65;&#x79;&#x6c;&#x61;&#x6e;&#x40;<span class=\"oe_displaynone\">null<\/span>&#x69;&#x6d;&#x65;&#x78;&#x2d;&#x67;&#x72;&#x6f;&#x75;&#x70;&#x2e;&#x61;&#x74;<\/a><\/p>\n<p class=\"br\">&nbsp;<\/p>\n<\/div>\n<\/div>\n<p><img loading=\"lazy\" decoding=\"async\" class=\"alignnone wp-image-320 size-full\" src=\"https:\/\/www.imex-group.at\/wp\/wp-content\/uploads\/Team-Zuschnitt-2-e1481862875485.jpg\" alt=\"Team Zuschnitt 2\" width=\"2400\" height=\"666\" \/><\/p>\n<p class=\"br\">&nbsp;<\/p>\n<div class='cols2 cols gap clearfix'>\n<div class='col colspan '>\n<h3>\u0130thalat i\u015flem irtibat bilgileri<\/h3>\n<p>Telefon: +43 77 11 316 30 <br \/>\n Fax: +43 77 11 316 30-1<\/p>\n<p><strong>Marco K\u00f6nigseder<\/strong><br \/>\n E-Mail: <a href=\"mailto:&#x6d;&#x61;&#x72;&#x63;&#x6f;&#x2e;&#x6b;&#x6f;&#x65;&#x6e;&#x69;&#x67;&#x73;&#x65;&#x64;&#x65;&#x72;&#x40;&#x69;&#x6d;&#x65;&#x78;&#x2d;&#x67;&#x72;&#x6f;&#x75;&#x70;&#x2e;&#x61;&#x74;\">&#x6d;&#x61;&#x72;&#x63;&#x6f;&#x2e;&#x6b;&#x6f;&#x65;&#x6e;&#x69;&#x67;&#x73;&#x65;&#x64;&#x65;&#x72;&#x40;<span class=\"oe_displaynone\">null<\/span>&#x69;&#x6d;&#x65;&#x78;&#x2d;&#x67;&#x72;&#x6f;&#x75;&#x70;&#x2e;&#x61;&#x74;<\/a><\/p>\n<p><strong>Mario H\u00f6fer<\/strong><br \/>\n E-Mail: <a href=\"mailto:&#x6d;&#x61;&#x72;&#x69;&#x6f;&#x2e;&#x68;&#x6f;&#x65;&#x66;&#x65;&#x72;&#x40;&#x69;&#x6d;&#x65;&#x78;&#x2d;&#x67;&#x72;&#x6f;&#x75;&#x70;&#x2e;&#x61;&#x74;\">&#x6d;&#x61;&#x72;&#x69;&#x6f;&#x2e;&#x68;&#x6f;&#x65;&#x66;&#x65;&#x72;&#x40;<span class=\"oe_displaynone\">null<\/span>&#x69;&#x6d;&#x65;&#x78;&#x2d;&#x67;&#x72;&#x6f;&#x75;&#x70;&#x2e;&#x61;&#x74;<\/a><\/p>\n<p><strong>Nevin G\u00fcrel<\/strong><br \/>\n E-Mail: <a href=\"mailto:&#x6e;&#x65;&#x76;&#x69;&#x6e;&#x2e;&#x67;&#x75;&#x65;&#x72;&#x65;&#x6c;&#x40;&#x69;&#x6d;&#x65;&#x78;&#x2d;&#x67;&#x72;&#x6f;&#x75;&#x70;&#x2e;&#x61;&#x74;\">&#x6e;&#x65;&#x76;&#x69;&#x6e;&#x2e;&#x67;&#x75;&#x65;&#x72;&#x65;&#x6c;&#x40;<span class=\"oe_displaynone\">null<\/span>&#x69;&#x6d;&#x65;&#x78;&#x2d;&#x67;&#x72;&#x6f;&#x75;&#x70;&#x2e;&#x61;&#x74;<\/a><\/p>\n<p><strong>Sandra Prohaska<\/strong><br \/>\n E-Mail: <a href=\"mailto:&#x73;&#x61;&#x6e;&#x64;&#x72;&#x61;&#x2e;&#x70;&#x72;&#x6f;&#x68;&#x61;&#x73;&#x6b;&#x61;&#x40;&#x69;&#x6d;&#x65;&#x78;&#x2d;&#x67;&#x72;&#x6f;&#x75;&#x70;&#x2e;&#x61;&#x74;\">&#x73;&#x61;&#x6e;&#x64;&#x72;&#x61;&#x2e;&#x70;&#x72;&#x6f;&#x68;&#x61;&#x73;&#x6b;&#x61;&#x40;<span class=\"oe_displaynone\">null<\/span>&#x69;&#x6d;&#x65;&#x78;&#x2d;&#x67;&#x72;&#x6f;&#x75;&#x70;&#x2e;&#x61;&#x74;<\/a><\/p>\n<p><strong>Sylvia Kroiss<\/strong><br \/>\n E-Mail: <a href=\"mailto:&#x73;&#x79;&#x6c;&#x76;&#x69;&#x61;&#x2e;&#x6b;&#x72;&#x6f;&#x69;&#x73;&#x73;&#x40;&#x69;&#x6d;&#x65;&#x78;&#x2d;&#x67;&#x72;&#x6f;&#x75;&#x70;&#x2e;&#x61;&#x74;\">&#x73;&#x79;&#x6c;&#x76;&#x69;&#x61;&#x2e;&#x6b;&#x72;&#x6f;&#x69;&#x73;&#x73;&#x40;<span class=\"oe_displaynone\">null<\/span>&#x69;&#x6d;&#x65;&#x78;&#x2d;&#x67;&#x72;&#x6f;&#x75;&#x70;&#x2e;&#x61;&#x74;<\/a><\/p>\n<p><strong>Karin Simmel<\/strong><br \/>\n E-Mail: <a href=\"mailto:&#x6b;&#x61;&#x72;&#x69;&#x6e;&#x2e;&#x73;&#x69;&#x6d;&#x6d;&#x65;&#x6c;&#x40;&#x69;&#x6d;&#x65;&#x78;&#x2d;&#x67;&#x72;&#x6f;&#x75;&#x70;&#x2e;&#x61;&#x74;\">&#x6b;&#x61;&#x72;&#x69;&#x6e;&#x2e;&#x73;&#x69;&#x6d;&#x6d;&#x65;&#x6c;&#x40;<span class=\"oe_displaynone\">null<\/span>&#x69;&#x6d;&#x65;&#x78;&#x2d;&#x67;&#x72;&#x6f;&#x75;&#x70;&#x2e;&#x61;&#x74;<\/a><\/p>\n<p><strong>Margit Knonbauer<\/strong><br \/>\n E-Mail: <a href=\"mailto:&#x6d;&#x61;&#x72;&#x67;&#x69;&#x74;&#x2e;&#x6b;&#x6e;&#x6f;&#x6e;&#x62;&#x61;&#x75;&#x65;&#x72;&#x40;&#x69;&#x6d;&#x65;&#x78;&#x2d;&#x67;&#x72;&#x6f;&#x75;&#x70;&#x2e;&#x61;&#x74;\">&#x6d;&#x61;&#x72;&#x67;&#x69;&#x74;&#x2e;&#x6b;&#x6e;&#x6f;&#x6e;&#x62;&#x61;&#x75;&#x65;&#x72;&#x40;<span class=\"oe_displaynone\">null<\/span>&#x69;&#x6d;&#x65;&#x78;&#x2d;&#x67;&#x72;&#x6f;&#x75;&#x70;&#x2e;&#x61;&#x74;<\/a><\/p>\n<p class=\"br\">&nbsp;<\/p>\n<\/div>\n<div class='col colspan last'>\n<h3>\u0130hracat i\u015flem irtibat bilgileri<\/h3>\n<p>Telefon: +43 77 11 316 30 <br \/>\n Fax: +43 77 11 316 30-1<\/p>\n<p><strong>Ercan Coban<\/strong><br \/>\n E-Mail: <a href=\"mailto:&#x65;&#x72;&#x63;&#x61;&#x6e;&#x2e;&#x63;&#x6f;&#x62;&#x61;&#x6e;&#x40;&#x69;&#x6d;&#x65;&#x78;&#x2d;&#x67;&#x72;&#x6f;&#x75;&#x70;&#x2e;&#x61;&#x74;\">&#x65;&#x72;&#x63;&#x61;&#x6e;&#x2e;&#x63;&#x6f;&#x62;&#x61;&#x6e;&#x40;<span class=\"oe_displaynone\">null<\/span>&#x69;&#x6d;&#x65;&#x78;&#x2d;&#x67;&#x72;&#x6f;&#x75;&#x70;&#x2e;&#x61;&#x74;<\/a><\/p>\n<p><strong>Yusuf Akceylan<\/strong><br \/>\n E-Mail: <a href=\"mailto:&#x79;&#x75;&#x73;&#x75;&#x66;&#x2e;&#x61;&#x6b;&#x63;&#x65;&#x79;&#x6c;&#x61;&#x6e;&#x40;&#x69;&#x6d;&#x65;&#x78;&#x2d;&#x67;&#x72;&#x6f;&#x75;&#x70;&#x2e;&#x61;&#x74;\">&#x79;&#x75;&#x73;&#x75;&#x66;&#x2e;&#x61;&#x6b;&#x63;&#x65;&#x79;&#x6c;&#x61;&#x6e;&#x40;<span class=\"oe_displaynone\">null<\/span>&#x69;&#x6d;&#x65;&#x78;&#x2d;&#x67;&#x72;&#x6f;&#x75;&#x70;&#x2e;&#x61;&#x74;<\/a><\/p>\n<p><strong>T\u00fclay Windpessl<\/strong><br \/>\n E-Mail: <a href=\"mailto:&#x74;&#x75;&#x65;&#x6c;&#x61;&#x79;&#x2e;&#x77;&#x69;&#x6e;&#x64;&#x70;&#x65;&#x73;&#x73;&#x6c;&#x40;&#x69;&#x6d;&#x65;&#x78;&#x2d;&#x67;&#x72;&#x6f;&#x75;&#x70;&#x2e;&#x61;&#x74;\">&#x74;&#x75;&#x65;&#x6c;&#x61;&#x79;&#x2e;&#x77;&#x69;&#x6e;&#x64;&#x70;&#x65;&#x73;&#x73;&#x6c;&#x40;<span class=\"oe_displaynone\">null<\/span>&#x69;&#x6d;&#x65;&#x78;&#x2d;&#x67;&#x72;&#x6f;&#x75;&#x70;&#x2e;&#x61;&#x74;<\/a><\/p>\n<p><strong>Sabine Ilhan<\/strong><br \/>\n E-Mail: <a href=\"mailto:&#x73;&#x61;&#x62;&#x69;&#x6e;&#x65;&#x2e;&#x69;&#x6c;&#x68;&#x61;&#x6e;&#x40;&#x69;&#x6d;&#x65;&#x78;&#x2d;&#x67;&#x72;&#x6f;&#x75;&#x70;&#x2e;&#x61;&#x74;\">&#x73;&#x61;&#x62;&#x69;&#x6e;&#x65;&#x2e;&#x69;&#x6c;&#x68;&#x61;&#x6e;&#x40;<span class=\"oe_displaynone\">null<\/span>&#x69;&#x6d;&#x65;&#x78;&#x2d;&#x67;&#x72;&#x6f;&#x75;&#x70;&#x2e;&#x61;&#x74;<\/a><\/p>\n<p><strong>Murat Tiras<\/strong><br \/>\n E-Mail: <a href=\"mailto:&#x6d;&#x75;&#x72;&#x61;&#x74;&#x2e;&#x74;&#x69;&#x72;&#x61;&#x73;&#x40;&#x69;&#x6d;&#x65;&#x78;&#x2d;&#x67;&#x72;&#x6f;&#x75;&#x70;&#x2e;&#x61;&#x74;\">&#x6d;&#x75;&#x72;&#x61;&#x74;&#x2e;&#x74;&#x69;&#x72;&#x61;&#x73;&#x40;<span class=\"oe_displaynone\">null<\/span>&#x69;&#x6d;&#x65;&#x78;&#x2d;&#x67;&#x72;&#x6f;&#x75;&#x70;&#x2e;&#x61;&#x74;<\/a><\/p>\n<p><strong>Orcun Kesgin<\/strong><br \/>\n E-Mail: <a href=\"mailto:&#x6f;&#x72;&#x63;&#x75;&#x6e;&#x2e;&#x6b;&#x65;&#x73;&#x67;&#x69;&#x6e;&#x40;&#x69;&#x6d;&#x65;&#x78;&#x2d;&#x67;&#x72;&#x6f;&#x75;&#x70;&#x2e;&#x61;&#x74;\">&#x6f;&#x72;&#x63;&#x75;&#x6e;&#x2e;&#x6b;&#x65;&#x73;&#x67;&#x69;&#x6e;&#x40;<span class=\"oe_displaynone\">null<\/span>&#x69;&#x6d;&#x65;&#x78;&#x2d;&#x67;&#x72;&#x6f;&#x75;&#x70;&#x2e;&#x61;&#x74;<\/a><\/p>\n<p><strong>H\u00fcseyin Atak<\/strong><br \/>\n E-Mail: <a href=\"mailto:&#x68;&#x75;&#x65;&#x73;&#x65;&#x79;&#x69;&#x6e;&#x2e;&#x61;&#x74;&#x61;&#x6b;&#x40;&#x69;&#x6d;&#x65;&#x78;&#x2d;&#x67;&#x72;&#x6f;&#x75;&#x70;&#x2e;&#x61;&#x74;\">&#x68;&#x75;&#x65;&#x73;&#x65;&#x79;&#x69;&#x6e;&#x2e;&#x61;&#x74;&#x61;&#x6b;&#x40;<span class=\"oe_displaynone\">null<\/span>&#x69;&#x6d;&#x65;&#x78;&#x2d;&#x67;&#x72;&#x6f;&#x75;&#x70;&#x2e;&#x61;&#x74;<\/a><\/p>\n<p class=\"br\">&nbsp;<\/p>\n<\/div>\n<\/div>\n<div class='colorline'><\/div>\n<h3>Avusturya da g\u00fcvenilir G\u00fcmr\u00fck Acentaniz ImEx Customs Service GmbH!<\/h3>\n<p>Sorular\u0131n\u0131z veya sorunlar\u0131n\u0131z varsa, bizimle \u0130leti\u015fime ge\u00e7iniz. Bize <strong>+43 7711 31630 Numaram\u0131zdan<\/strong> veya <strong><a href=\"mailto:&#x69;&#x6e;&#x66;&#x6f;&#x40;&#x69;&#x6d;&#x65;&#x78;&#x2d;&#x67;&#x72;&#x6f;&#x75;&#x70;&#x2e;&#x61;&#x74;\">\u0130leti\u015fim Formunu<\/a><\/strong> doldurup bize ula\u015fabilirsiniz.<\/p>\n<\/div> <\/div>","protected":false},"excerpt":{"rendered":"","protected":false},"author":3,"featured_media":0,"parent":370,"menu_order":9,"comment_status":"closed","ping_status":"closed","template":"","meta":{"footnotes":""},"class_list":["post-387","page","type-page","status-publish","hentry"],"_links":{"self":[{"href":"https:\/\/www.imex-group.at\/tr\/wp-json\/wp\/v2\/pages\/387","targetHints":{"allow":["GET"]}}],"collection":[{"href":"https:\/\/www.imex-group.at\/tr\/wp-json\/wp\/v2\/pages"}],"about":[{"href":"https:\/\/www.imex-group.at\/tr\/wp-json\/wp\/v2\/types\/page"}],"author":[{"embeddable":true,"href":"https:\/\/www.imex-group.at\/tr\/wp-json\/wp\/v2\/users\/3"}],"replies":[{"embeddable":true,"href":"https:\/\/www.imex-group.at\/tr\/wp-json\/wp\/v2\/comments?post=387"}],"version-history":[{"count":5,"href":"https:\/\/www.imex-group.at\/tr\/wp-json\/wp\/v2\/pages\/387\/revisions"}],"predecessor-version":[{"id":492,"href":"https:\/\/www.imex-group.at\/tr\/wp-json\/wp\/v2\/pages\/387\/revisions\/492"}],"up":[{"embeddable":true,"href":"https:\/\/www.imex-group.at\/tr\/wp-json\/wp\/v2\/pages\/370"}],"wp:attachment":[{"href":"https:\/\/www.imex-group.at\/tr\/wp-json\/wp\/v2\/media?parent=387"}],"curies":[{"name":"wp","href":"https:\/\/api.w.org\/{rel}","templated":true}]}}