













{"id":385,"date":"2016-04-27T17:18:49","date_gmt":"2016-04-27T15:18:49","guid":{"rendered":"https:\/\/www.imex-group.at\/home\/"},"modified":"2018-12-05T14:43:55","modified_gmt":"2018-12-05T13:43:55","slug":"home","status":"publish","type":"page","link":"https:\/\/www.imex-group.at\/tr\/","title":{"rendered":"Ana Sayfa"},"content":{"rendered":"<div id=\"metaslider-id-470\" style=\"width: 100%;\" class=\"ml-slider-3-108-0 ml-slider-pro-2-56-0 metaslider metaslider-flex metaslider-470 ml-slider ms-theme-default nav-hidden\" role=\"region\" aria-label=\"Home T\u00fcrkisch\" data-height=\"800\" data-width=\"2400\">\n    <div id=\"metaslider_container_470\">\n        <div id=\"metaslider_470\" class=\"flexslider\">\n            <ul class='slides'>\n                <li class=\"slide-474 ms-layer \" style=\"display: block; width: 100%;\" data-slide-type=\"html_overlay\" data-date=\"2017-02-02 17:31:12\"><img loading=\"lazy\" decoding=\"async\" src=\"https:\/\/www.imex-group.at\/wp\/wp-content\/uploads\/iStock_84373253_LARGE-2.jpg\" alt=\"\" class=\"msDefaultImage\" height=\"800\" width=\"2400\" \/><div class='msHtmlOverlay' style='display: none; position: absolute; top: 0; left: 0; width: 100%; height: 100%; ' ><div class=\"layer\" data-width=\"2400.181818\" data-height=\"237.181818\" data-top=\"325.0056686401367\" data-left=\"0.005681037902832031\" style=\"width: 2400.18px; height: 237.182px; top: 325.006px; left: 0.00568104px; position: absolute; right: auto; bottom: auto;\"><div class=\"animation_in animated fadeInLeftBig\" data-animation=\"fadeInLeftBig\" data-animation-delay=\"1.5\" style=\"animation-delay: 1500ms; -moz-animation-delay: 1500ms; -webkit-animation-delay: 1500ms;\"><div class=\"animation_out animated fadeOutRightBig\" data-animation=\"fadeOutRightBig\" data-animation-delay=\"5\" style=\"animation-delay: 6500ms; -moz-animation-delay: 6500ms; -webkit-animation-delay: 6500ms;\"><div class=\"ms_content_wrap\" style=\"height: 100%; background: rgba(142, 142, 142, 0);\"><div class=\"content\" id=\"layer_content_660782087\" data-padding=\"10\" style=\"color: white; padding: 10px; position: relative;\"><p style=\"text-align: center;\"><strong><span style=\"font-size:4.5em;\">Sayfam\u0131za Ho\u015fgeldiniz<\/span><\/strong><\/p><\/div><\/div><\/div><\/div><\/div><\/div><\/li>\n                <li class=\"slide-473 ms-layer \" style=\"display: none; width: 100%;\" data-slide-type=\"html_overlay\" data-date=\"2017-02-02 17:30:36\"><img loading=\"lazy\" decoding=\"async\" src=\"https:\/\/www.imex-group.at\/wp\/wp-content\/uploads\/iStock_93582271_LARGE-1.jpg\" alt=\"\" class=\"msDefaultImage\" height=\"800\" width=\"2400\" \/><div class='msHtmlOverlay' style='display: none; position: absolute; top: 0; left: 0; width: 100%; height: 100%; ' ><div class=\"layer\" data-width=\"2399\" data-height=\"247\" data-top=\"330\" data-left=\"0\" style=\"width: 2399px; height: 247px; top: 330px; left: 0px; position: absolute; right: auto; bottom: auto;\"><div class=\"animation_in animated fadeInLeftBig\" data-animation=\"fadeInLeftBig\" data-animation-delay=\"1.5\" style=\"animation-delay: 1500ms; -moz-animation-delay: 1500ms; -webkit-animation-delay: 1500ms;\"><div class=\"animation_out animated fadeOutRightBig\" data-animation=\"fadeOutRightBig\" data-animation-delay=\"5\" style=\"animation-delay: 6500ms; -moz-animation-delay: 6500ms; -webkit-animation-delay: 6500ms;\"><div class=\"ms_content_wrap\" style=\"height: 100%; background: rgba(142, 142, 142, 0);\"><div class=\"content\" id=\"layer_content_128154859\" data-padding=\"5\" style=\"color: white; padding: 5px; position: relative;\"><p style=\"text-align: center;\"><strong><span style=\"font-size:4.5em;\">Profesyonel G\u00fcmr\u00fckc\u00fcl\u00fck<\/span><\/strong><\/p><\/div><\/div><\/div><\/div><\/div><\/div><\/li>\n                <li class=\"slide-471 ms-layer \" style=\"display: none; width: 100%;\" data-slide-type=\"html_overlay\" data-date=\"2017-02-02 17:29:05\"><img loading=\"lazy\" decoding=\"async\" src=\"https:\/\/www.imex-group.at\/wp\/wp-content\/uploads\/iStock_8797223_LARGE-3.jpg\" alt=\"\" class=\"msDefaultImage\" height=\"800\" width=\"2400\" \/><div class='msHtmlOverlay' style='display: none; position: absolute; top: 0; left: 0; width: 100%; height: 100%; ' ><div class=\"layer\" data-width=\"2399\" data-height=\"241\" data-top=\"335\" data-left=\"0\" style=\"width: 2399px; height: 241px; top: 335px; left: 0px; position: absolute; right: auto; bottom: auto;\"><div class=\"animation_in animated fadeInLeftBig\" data-animation=\"fadeInLeftBig\" data-animation-delay=\"1.5\" style=\"animation-delay: 1500ms; -moz-animation-delay: 1500ms; -webkit-animation-delay: 1500ms;\"><div class=\"animation_out animated fadeOutRightBig\" data-animation=\"fadeOutRightBig\" data-animation-delay=\"5\" style=\"animation-delay: 6500ms; -moz-animation-delay: 6500ms; -webkit-animation-delay: 6500ms;\"><div class=\"ms_content_wrap\" style=\"height: 100%; background: rgba(142, 142, 142, 0.00784314);\"><div class=\"content\" id=\"layer_content_722573631\" data-padding=\"1\" style=\"color: white; padding: 1px; position: relative;\"><p style=\"text-align: center;\"><strong><span style=\"font-size:4.5em;\">Ehil \u2013 H\u0131zl\u0131 \u2013 &nbsp;Sempatik<\/span><\/strong><\/p><\/div><\/div><\/div><\/div><\/div><\/div><\/li>\n                <li class=\"slide-472 ms-layer \" style=\"display: none; width: 100%;\" data-slide-type=\"html_overlay\" data-date=\"2017-02-02 17:29:48\"><img loading=\"lazy\" decoding=\"async\" src=\"https:\/\/www.imex-group.at\/wp\/wp-content\/uploads\/iStock_10092536_LARGE-1.jpg\" alt=\"\" class=\"msDefaultImage\" height=\"800\" width=\"2400\" \/><div class='msHtmlOverlay' style='display: none; position: absolute; top: 0; left: 0; width: 100%; height: 100%; ' ><div class=\"layer\" data-width=\"2399\" data-height=\"281\" data-top=\"330\" data-left=\"0\" style=\"width: 2399px; height: 281px; top: 330px; left: 0px; position: absolute; right: auto; bottom: auto;\"><div class=\"animation_in animated fadeInLeftBig\" data-animation=\"fadeInLeftBig\" data-animation-delay=\"1.5\" style=\"animation-delay: 1500ms; -moz-animation-delay: 1500ms; -webkit-animation-delay: 1500ms;\"><div class=\"animation_out animated fadeOutRightBig\" data-animation=\"fadeOutRightBig\" data-animation-delay=\"5\" style=\"animation-delay: 6500ms; -moz-animation-delay: 6500ms; -webkit-animation-delay: 6500ms;\"><div class=\"ms_content_wrap\" style=\"height: 100%; background: rgba(142, 142, 142, 0);\"><div class=\"content\" id=\"layer_content_668393513\" data-padding=\"9\" style=\"color: white; padding: 9px; position: relative;\"><p style=\"text-align: center;\"><span style=\"font-size:4.5em;\"><strong>G\u00fcvenilir G\u00fcmr\u00fck Servisi<\/strong><\/span><\/p><\/div><\/div><\/div><\/div><\/div><\/div><\/li>\n            <\/ul>\n        <\/div>\n        \n    <\/div>\n<\/div>\n<div class='conblock con-grey clearfix'><div class='conblock-inner'>\n<h1>Avusturya \u0130thalat-\u0130hracat Grubu<\/h1>\n<h2>Suben kentinde (Yukar\u0131 Avusturya) G\u00fcmr\u00fckc\u00fcl\u00fck Servisi!<\/h2>\n<p>\u0130thalat-\u0130hracat G\u00fcmr\u00fckleme i\u00e7in, s\u00fcrekli g\u00fcncellenen Sistemler ile birlikte mesleki beceri gerektirir.<\/p>\n<p><strong>M\u00fc\u015fterilerimizin her Alman ve Avusturya G\u00fcmr\u00fck Makamlar\u0131 ile, ATLAS ve eG\u00fcmr\u00fck sayesinde, G\u00fcmr\u00fck kay\u0131t i\u015flemlerinizi halledecek durumunday\u0131z.<\/strong><\/p>\n<p>B\u00f6ylece her \u00e7e\u015fit G\u00fcmr\u00fck i\u015flemleriniz i\u00e7in bizimle ileti\u015fime gecebilirsiniz.<\/p>\n<p class=\"br\">&nbsp;<\/p>\n<div class=\"eds-animate edsanimate-sis-hidden \" data-eds-entry-animation=\"fadeInUp\" data-eds-entry-delay=\"0\" data-eds-entry-duration=\"1.5\" data-eds-entry-timing=\"linear\" data-eds-exit-animation=\"\" data-eds-exit-delay=\"\" data-eds-exit-duration=\"\" data-eds-exit-timing=\"\" data-eds-repeat-count=\"1\" data-eds-keep=\"yes\" data-eds-animate-on=\"scroll\" data-eds-scroll-offset=\"50\">\n<div class='cols3 cols gap clearfix'>\n<div class='col colspan '>\n<p><img loading=\"lazy\" decoding=\"async\" class=\"alignnone wp-image-316 size-medium\" src=\"https:\/\/www.imex-group.at\/wp\/wp-content\/uploads\/IMEX-8-von-40-550x367.jpg\" width=\"550\" height=\"367\" \/><\/p>\n<p style=\"text-align: center;\"><a class=\"button\" href=\"https:\/\/www.imex-group.at\/tr\/unternehmen\/\">Kurumsal<\/a><\/p>\n<\/div>\n<div class='col colspan '>\n<p><img loading=\"lazy\" decoding=\"async\" class=\"alignnone wp-image-249 size-full\" src=\"https:\/\/www.imex-group.at\/wp\/wp-content\/uploads\/iStock_000060690670_Large-1.jpg\" width=\"1000\" height=\"667\" \/><\/p>\n<p style=\"text-align: center;\"><a class=\"button\" href=\"https:\/\/www.imex-group.at\/tr\/leistungen\/\">Hizmetlerimiz<\/a><\/p>\n<\/div>\n<div class='col colspan last'>\n<p><img loading=\"lazy\" decoding=\"async\" class=\"alignnone wp-image-317 size-medium\" src=\"https:\/\/www.imex-group.at\/wp\/wp-content\/uploads\/iStock-184437522-550x366.jpg\" width=\"550\" height=\"366\" \/><\/p>\n<p style=\"text-align: center;\"><a class=\"button\" href=\"https:\/\/www.imex-group.at\/tr\/downloadservice\/\">Formlar<\/a><\/p>\n<\/div>\n<\/div>\n<\/div>\n<\/div> <\/div>\n<div id=\"slide-bg1\" class=\"normalSlide\">\n\t\n\t\t<div class=\"bcg\"\n        data-center=\"background-position: 50% 0px;\"\n        data-top-bottom=\"background-position: 50% -150px;\"\n        data-anchor-target=\"#slide-bg1\" \n        style=\"background-image: url('https:\/\/www.imex-group.at\/wp\/wp-content\/uploads\/iStock-176789755-1.jpg'); background-color: ; height: 400px;\" \n\t\t><div class=\"hsContainer\">\n            <div class=\"hsContent\" \n                data-center=\"opacity: 1;\"\n                data-top-bottom=\"opacity: 1;\" \n                data-anchor-target=\"#slide-bg1\"\n            >\n                <div class=\"slideText\" style=\"max-width: 100%; color: #ffffff\">\n<h2>Profesyonel G\u00fcmr\u00fckc\u00fcl\u00fck<\/h2>\n<\/div>\n            <\/div>\n        <\/div>\n    <\/div>\n\t<\/div>\n\t\n<div class='conblock con-grey clearfix'><div class='conblock-inner'>\n<h3>Suben kentinde (Yukar\u0131 Avusturya) G\u00fcmr\u00fckc\u00fcl\u00fck Servisi!<\/h3>\n<p>G\u00fcmr\u00fck i\u015flemleriniz i\u00e7in, ehil, yeterli mesleki bilgiye sahip ve g\u00fcvenilir bir G\u00fcmr\u00fck Acentasiyiz. G\u00fcmr\u00fck i\u015flemleriyle ilgilenen, profesyonel personellerimizle hedefe y\u00f6nelik ve ba\u011f\u0131ms\u0131z bir servis sunmaktay\u0131z.<\/p>\n<p>ImEx Customs GmbH \u015eirketimiz 2014 y\u0131l\u0131n\u0131n Haziran ay\u0131nda Say\u0131n Vakkas \u00c7oban taraf\u0131ndan kurulmu\u015ftur.<\/p>\n<p>\u015euan Avusturyan\u0131n Suben G\u00fcmr\u00fck kapisinda 30 Personelimiz ile, g\u00fcnl\u00fck Internasyonal Tasimaciligin En \u00f6nemli Noktalarindan Ithalat\/Ihracat islemleri yapmaktay\u0131z.<\/p>\n<p class=\"br\">&nbsp;<\/p>\n<p class=\"br\">&nbsp;<\/p>\n<h4>\u00a0\u00a0\u00a0\u00a0 Bizim istanbuldaki temsilcimiz :<\/h4>\n<p class=\"br\">&nbsp;<\/p>\n<p><a href=\"http:\/\/www.verimex360.com\"><img loading=\"lazy\" decoding=\"async\" class=\"alignnone  wp-image-561\" src=\"https:\/\/www.imex-group.at\/wp\/wp-content\/uploads\/Logo-Verimex-360_transparent-550x372.png\" alt=\"\" width=\"322\" height=\"218\" \/><\/a><\/p>\n<p class=\"br\">&nbsp;<\/p>\n<p class=\"br\">&nbsp;<\/p>\n<h3 style=\"text-align: left;\">IMEX \u2026<\/h3>\n<ul>\n<li>lisansl\u0131 al\u0131c\u0131<\/li>\n<li>lisansl\u0131 g\u00f6nderici (ta\u015f\u0131tan\/y\u00fck g\u00f6nderen)<\/li>\n<li>AEO F Sertifikasyon s\u00fcre\u00e7inde<\/li>\n<li>almanca konu\u015fan \u00dclkelerde tan\u0131nm\u0131\u015f avukatl\u0131k b\u00fcrolar\u0131 ile ortak ve kal\u0131c\u0131 i\u015fbirli\u011fi s\u00fcrd\u00fcren \u015eirkettir.<\/li>\n<\/ul>\n<h3>Biz kendimizi \u0130thalat ve \u0130hracat G\u00fcmr\u00fckleme islemlerinde Full-Servis saglayan bir Kurum olarak g\u00f6r\u00fcyoruz.<\/h3>\n<p>ImEx Customs GmbH G\u00fcmr\u00fck sekt\u00f6r\u00fcnde h\u0131zla b\u00fcy\u00fcyerek ve g\u00fcc\u00fcne g\u00fcc katarak, Avusturya-Almanya s\u0131n\u0131r\u0131ndaki Suben kentinde \u00f6nc\u00fc kurulu\u015flar\u0131n aras\u0131nda yer almaktad\u0131r.<\/p>\n<p>\u015eirketimiz, deneyimli uzman geni\u015f kadrosu ve kararl\u0131 y\u00f6neticisi ile m\u00fc\u015fterilerimizin ve G\u00fcmr\u00fck Idarelerin aras\u0131ndak\u0131 i\u015flem s\u00fcrecini, ba\u015far\u0131l\u0131 ve verimli ger\u00e7ekle\u015ftirmektedir.<\/p>\n<h4>Hizmetlerimiz<\/h4>\n<p class=\"br\">&nbsp;<\/p>\n<ul>\n<li>Intrastat- Kay\u0131tlar\u0131 (Almanya ve Avusturya)<\/li>\n<li>Avustuya ve Almanya i\u00e7in \u0130thalat G\u00fcmr\u00fckleme<\/li>\n<li>Fiskal G\u00fcmr\u00fckleme (bu tip G\u00fcmr\u00fckleme i\u00e7in \u00f6zel s\u00f6zle\u015fme gereklidir)<\/li>\n<li>Avusturya ve Almanyadaki \u015eirketlerin KDV kayd\u0131na yard\u0131m edilmektedir<\/li>\n<li>Carnet TIR\/ATA belgeleri olu\u015fturulmaktad\u0131r<\/li>\n<li>KDV Beyannamesi ve Bildirim y\u00fck\u00fcml\u00fckleri<\/li>\n<li>Y\u00fck aktarma (Neuhaus am Inn \u2013 Almanya)<\/li>\n<li>G\u00fcmr\u00fck, KDV- ve \u0130hracatkontroll dan\u0131\u015fmalar\u0131 yap\u0131l\u0131r<\/li>\n<li>G\u00fcmr\u00fck tarifesine y\u00fck s\u0131n\u0131fland\u0131rma yard\u0131m\u0131 yap\u0131l\u0131r (GTIP yardimi)<\/li>\n<li>G\u00fcmr\u00fck, KDV ve d\u0131\u015f Ekonomi Hukuki meselelerde destek verilir<\/li>\n<li>i\u0130thalat-\u0130hracat Ticaretinde AEO belgelemede destek verilir<\/li>\n<li>Dan\u0131\u015fma ve Terc\u00fcme<\/li>\n<\/ul>\n<p class=\"br\">&nbsp;<\/p>\n<div class='colorline'><\/div>\n<h3>Avusturya da g\u00fcvenilir G\u00fcmr\u00fck Acentaniz ImEx Customs Service GmbH!<\/h3>\n<p>Sorular\u0131n\u0131z veya sorunlar\u0131n\u0131z varsa, bizimle \u0130leti\u015fime ge\u00e7iniz. Bize <strong>+43 7711 31630 Numaram\u0131zdan<\/strong> veya <strong><a href=\"mailto:&#x69;&#x6e;&#x66;&#x6f;&#x40;&#x69;&#x6d;&#x65;&#x78;&#x2d;&#x67;&#x72;&#x6f;&#x75;&#x70;&#x2e;&#x61;&#x74;\">\u0130leti\u015fim Formunu<\/a><\/strong> doldurup bize ula\u015fabilirsiniz.<\/p>\n<\/div> <\/div>","protected":false},"excerpt":{"rendered":"","protected":false},"author":2,"featured_media":0,"parent":0,"menu_order":1,"comment_status":"closed","ping_status":"closed","template":"","meta":{"footnotes":""},"class_list":["post-385","page","type-page","status-publish","hentry"],"_links":{"self":[{"href":"https:\/\/www.imex-group.at\/tr\/wp-json\/wp\/v2\/pages\/385","targetHints":{"allow":["GET"]}}],"collection":[{"href":"https:\/\/www.imex-group.at\/tr\/wp-json\/wp\/v2\/pages"}],"about":[{"href":"https:\/\/www.imex-group.at\/tr\/wp-json\/wp\/v2\/types\/page"}],"author":[{"embeddable":true,"href":"https:\/\/www.imex-group.at\/tr\/wp-json\/wp\/v2\/users\/2"}],"replies":[{"embeddable":true,"href":"https:\/\/www.imex-group.at\/tr\/wp-json\/wp\/v2\/comments?post=385"}],"version-history":[{"count":6,"href":"https:\/\/www.imex-group.at\/tr\/wp-json\/wp\/v2\/pages\/385\/revisions"}],"predecessor-version":[{"id":583,"href":"https:\/\/www.imex-group.at\/tr\/wp-json\/wp\/v2\/pages\/385\/revisions\/583"}],"wp:attachment":[{"href":"https:\/\/www.imex-group.at\/tr\/wp-json\/wp\/v2\/media?parent=385"}],"curies":[{"name":"wp","href":"https:\/\/api.w.org\/{rel}","templated":true}]}}